{"id":498,"date":"2015-11-27T16:34:10","date_gmt":"2015-11-27T15:34:10","guid":{"rendered":"https:\/\/www.stadtwerke-osnabrueck.de\/blog\/?page_id=498"},"modified":"2023-12-08T10:44:57","modified_gmt":"2023-12-08T09:44:57","slug":"netiquette","status":"publish","type":"page","link":"https:\/\/www.stadtwerke-osnabrueck.de\/blog\/netiquette\/","title":{"rendered":"Netiquette"},"content":{"rendered":"\n<h2 class=\"wp-block-heading\">Spielregeln auf unserem Stadtwerke-Blog<\/h2>\n\n\n\n<p>Liebe Seiten-Besucher,<\/p>\n\n\n\n<p>herzlich willkommen auf dem <strong>offiziellen Blog der Stadtwerke Osnabr\u00fcck<\/strong>. Wir freuen uns darauf, euch hier spannende Einblicke in unser Unternehmen <strong>Stadtwerke Osnabr\u00fcck<\/strong> zu geben. Mit Berichten aus dem Unternehmen plaudern wir ein wenig aus dem <em>N\u00e4hk\u00e4stchen <\/em>der Stadtwerke. Wir <em>zoom<\/em>en in Themen, um Antworten zu geben. <em>Hautnah<\/em> erz\u00e4hlen wir Geschichten von und \u00fcber Menschen, die einfach unter die Haut gehen.<\/p>\n\n\n\n<p>Und, das wichtigste: Der Stadtwerke-Blog lebt vom Mitmachen \u2013 in diesem Sinne freuen wir uns auf einen regen Gedanken- und Meinungsaustausch.<\/p>\n\n\n\n<p>F\u00fcr eine pers\u00f6nliche und unkomplizierte Kommunikation haben wir uns hier f\u00fcr ein \u201eDU\u201c entschieden. Wenn Sie lieber \u201egesiezt\u201c werden m\u00f6chten, so geben Sie uns doch bitte einen kleinen Hinweis.<\/p>\n\n\n\n<p>Um hier eine offene und freundliche Atmosph\u00e4re zu gew\u00e4hrleisten, haben wir einige Verhaltensregeln in dieser Netiquette zusammengestellt. Wir m\u00f6chten Euch bitten diese zu beachten.<\/p>\n\n\n\n<p><strong>Zeitlicher Rahmen<\/strong><\/p>\n\n\n\n<p>Bitte habt Verst\u00e4ndnis, dass wir nicht jede Anfrage und nicht jeden Kommentar hier sofort beantworten k\u00f6nnen. Wir sind montags bis freitags in der Regel von 8.00 \u2013 17.00 Uhr und in Ausnahmef\u00e4llen (zum Beispiel zu besonderen Veranstaltungen) auch am Wochenende f\u00fcr Euch da.<\/p>\n\n\n\n<p><strong>Pinnw\u00e4nde und Beitr\u00e4ge<\/strong><\/p>\n\n\n\n<p>Ob Lob, Verbesserungsvorschl\u00e4ge oder Fragen \u2013 gern aber auch konstruktive Kritik und Beschwerden \u2013 alles ist uns auf unserer Seite herzlich willkommen. Wir m\u00f6chten mit Euch in Dialog treten, beantworten Fragen und nehmen Anregungen auf. Unsere Begegnung auf dem Stadtwerke-Blog sollte jedoch bitte den gleichen Regeln folgen, wie wir uns direkt gegen\u00fcber stehen. Pers\u00f6nliche Beleidigungen, sexuelle Anspielungen und sexistische oder rassistische \u00c4u\u00dferungen sind untersagt.<\/p>\n\n\n\n<p><strong>Nachfolgendes f\u00fchrt zur L\u00f6schung eines Kommentars:<\/strong><\/p>\n\n\n\n<ul class=\"wp-block-list\">\n<li>Kommentare, die sich thematisch nicht auf die Stadtwerke Osnabr\u00fcck beziehen<\/li>\n\n\n\n<li>Der Missbrauch als Werbefl\u00e4che f\u00fcr Webseiten oder Dienste<\/li>\n\n\n\n<li>Das maschinelle Hinterlassen von Kommentaren<\/li>\n\n\n\n<li>Das kommerzielle oder private Anbieten von Waren oder Dienstleistungen<\/li>\n\n\n\n<li>Verletzungen von Rechten Dritter, auch und insbesondere von Urheberrechten<\/li>\n\n\n\n<li>Aufruf zu Demonstrationen und Kundgebungen jeglicher politischer und religi\u00f6ser Richtung<\/li>\n\n\n\n<li>Aufforderungen zu Gewalt gegen Personen, Tiere, Institutionen oder Unternehmen<\/li>\n\n\n\n<li>Beleidigungen und Entw\u00fcrdigungen von Personen in jeglicher Form<\/li>\n\n\n\n<li>Rassismus, Hasspropaganda, Pornografie, Sexismus, Religi\u00f6ser Fundamentalismus<\/li>\n\n\n\n<li>Diese Regeln gelten auch f\u00fcr die Verwendung von Benutzernamen<\/li>\n<\/ul>\n\n\n\n<p>Bitte ver\u00f6ffentlicht auf unserer Seite keine vertraulichen Inhalte, wie Eure Kundennummer oder andere vertragsbezogene Daten. Falls doch, so werden wir diese zu Eurem Schutz von unserer Seite l\u00f6schen. Bei expliziten Anfragen an unseren Kundenservice schickt uns diese bitte als pers\u00f6nliche Nachricht oder \u00fcber die E-Mail-Adresse: <a href=\"ma&#105;&#108;&#x74;&#x6f;&#x3a;&#x64;ia&#108;&#111;&#x67;&#x40;&#x73;&#x77;o&#46;&#100;&#101;\">&#100;i&#x61;l&#x6f;g&#x40;s&#x77;o&#x2e;d&#x65;<\/a>.<\/p>\n\n\n\n<p><strong>Bilder<\/strong><\/p>\n\n\n\n<p>Die Nutzungsrechte der auf dieser Unternehmensseite ver\u00f6ffentlichten Bilder liegen bei der Stadtwerke Osnabr\u00fcck AG, die Urheberrechte bei deren Urhebern. Eine weitere Verwendung der Bilder ist grunds\u00e4tzlich und ausdr\u00fccklich untersagt.<\/p>\n\n\n\n<p><strong>Haftungsausschluss &amp; Datenschutz<\/strong><\/p>\n\n\n\n<p>Auch auf unserem Blog gelten die rechtlichen Bestimmungen unserer Internetseite: <a href=\"https:\/\/www.stadtwerke-osnabrueck.de\/impressum\" target=\"_blank\" rel=\"noopener noreferrer\">www.stadtwerke-osnabrueck.de\/impressum<\/a> . Die anonymen statistischen Daten, die unser Blog zur Verf\u00fcgung stellt, dienen ausschlie\u00dflich der Analyse und Optimierung dieser Seite und werden nicht an Dritte weitergegeben.<\/p>\n\n\n\n<p>Wir w\u00fcnschen Euch viel Spa\u00df beim Lesen und Kommentieren!<br><strong><em>Euer Stadtwerke <strong><em>Team<\/em><\/strong><\/em><\/strong><\/p>\n","protected":false},"excerpt":{"rendered":"<p>Spielregeln auf unserem Stadtwerke-Blog Liebe Seiten-Besucher, herzlich willkommen auf dem offiziellen Blog der Stadtwerke Osnabr\u00fcck. Wir freuen uns darauf, euch hier spannende Einblicke in unser Unternehmen Stadtwerke Osnabr\u00fcck zu geben. Mit Berichten aus dem Unternehmen plaudern wir ein wenig aus dem N\u00e4hk\u00e4stchen der Stadtwerke. Wir zoomen in Themen, um Antworten zu geben. Hautnah erz\u00e4hlen wir [&hellip;]<\/p>\n","protected":false},"author":1,"featured_media":0,"parent":0,"menu_order":0,"comment_status":"closed","ping_status":"closed","template":"","meta":{"footnotes":""},"class_list":["post-498","page","type-page","status-publish","hentry"],"aioseo_notices":[],"_links":{"self":[{"href":"https:\/\/www.stadtwerke-osnabrueck.de\/blog\/wp-json\/wp\/v2\/pages\/498","targetHints":{"allow":["GET"]}}],"collection":[{"href":"https:\/\/www.stadtwerke-osnabrueck.de\/blog\/wp-json\/wp\/v2\/pages"}],"about":[{"href":"https:\/\/www.stadtwerke-osnabrueck.de\/blog\/wp-json\/wp\/v2\/types\/page"}],"author":[{"embeddable":true,"href":"https:\/\/www.stadtwerke-osnabrueck.de\/blog\/wp-json\/wp\/v2\/users\/1"}],"replies":[{"embeddable":true,"href":"https:\/\/www.stadtwerke-osnabrueck.de\/blog\/wp-json\/wp\/v2\/comments?post=498"}],"version-history":[{"count":0,"href":"https:\/\/www.stadtwerke-osnabrueck.de\/blog\/wp-json\/wp\/v2\/pages\/498\/revisions"}],"wp:attachment":[{"href":"https:\/\/www.stadtwerke-osnabrueck.de\/blog\/wp-json\/wp\/v2\/media?parent=498"}],"curies":[{"name":"wp","href":"https:\/\/api.w.org\/{rel}","templated":true}]}}